{"id":21,"date":"2023-08-18T11:52:55","date_gmt":"2023-08-18T16:52:55","guid":{"rendered":"https:\/\/www.fisiartuio.com\/?page_id=21"},"modified":"2023-08-18T18:24:22","modified_gmt":"2023-08-18T23:24:22","slug":"nuestros-servicios","status":"publish","type":"page","link":"https:\/\/www.fisiartuio.com\/index.php\/nuestros-servicios\/","title":{"rendered":"Nuestros servicios"},"content":{"rendered":"\n<p class=\"has-medium-font-size\"><img loading=\"lazy\" decoding=\"async\" width=\"1500\" height=\"744\" class=\"wp-image-83\" style=\"width: 1500px;\" src=\"https:\/\/www.fisiartuio.com\/wp-content\/uploads\/2023\/08\/cropped-Fisiart-6.png\" alt=\"\" srcset=\"https:\/\/www.fisiartuio.com\/wp-content\/uploads\/2023\/08\/cropped-Fisiart-6.png 1365w, https:\/\/www.fisiartuio.com\/wp-content\/uploads\/2023\/08\/cropped-Fisiart-6-300x149.png 300w, https:\/\/www.fisiartuio.com\/wp-content\/uploads\/2023\/08\/cropped-Fisiart-6-1024x508.png 1024w, https:\/\/www.fisiartuio.com\/wp-content\/uploads\/2023\/08\/cropped-Fisiart-6-768x381.png 768w\" sizes=\"auto, (max-width: 1500px) 100vw, 1500px\" \/><\/p>\n\n\n\n<p class=\"has-medium-font-size\">\u00a1Bienvenidos a nuestro oasis de bienestar y recuperaci\u00f3n! En nuestro centro de fisioterapia, te brindamos una experiencia \u00fanica para aliviar el dolor, fortalecer tu musculatura y mejorar tu propiocepci\u00f3n, todo con el objetivo de llevarte de regreso a una vida activa y plena.<\/p>\n\n\n\n<p class=\"has-medium-font-size\">Nuestros servicios est\u00e1n dise\u00f1ados con cari\u00f1o y atenci\u00f3n a tus necesidades individuales. Echa un vistazo a lo que ofrecemos:<\/p>\n\n\n\n<ol class=\"wp-block-list\">\n<li class=\"has-medium-font-size\"><strong>Terapia Manual Expertamente Guiada:<\/strong> Nuestros fisioterapeutas altamente capacitados emplean t\u00e9cnicas manuales precisas para liberar la tensi\u00f3n muscular y promover una circulaci\u00f3n sangu\u00ednea saludable. \u00a1Te sentir\u00e1s renovado desde la primera sesi\u00f3n!<\/li>\n\n\n\n<li class=\"has-medium-font-size\"><strong>Ejercicios Terap\u00e9uticos Divertidos:<\/strong> Olv\u00eddate de los ejercicios mon\u00f3tonos. Dise\u00f1amos rutinas de ejercicios personalizadas que no solo te ayudar\u00e1n a fortalecer tus m\u00fasculos, sino que tambi\u00e9n te mantendr\u00e1n motivado y comprometido con tu recuperaci\u00f3n.<\/li>\n\n\n\n<li class=\"has-medium-font-size\"><strong>Entrenamiento de Propiocepci\u00f3n:<\/strong> Tu sentido de propiocepci\u00f3n es esencial para el equilibrio y la coordinaci\u00f3n. A trav\u00e9s de juegos y ejercicios desafiantes, te ayudaremos a mejorar esta habilidad y a reducir el riesgo de futuras lesiones.<\/li>\n\n\n\n<li class=\"has-medium-font-size\"><strong>Tecnolog\u00eda de Vanguardia:<\/strong> Nuestro centro est\u00e1 equipado con las \u00faltimas herramientas y equipos de fisioterapia. Desde terapias de ultrasonido hasta electroestimulaci\u00f3n, utilizamos tecnolog\u00eda de punta para acelerar tu recuperaci\u00f3n.<\/li>\n\n\n\n<li class=\"has-medium-font-size\"><strong>Asesoramiento Integral:<\/strong> No se trata solo de los ejercicios en la sala de tratamiento. Te brindamos orientaci\u00f3n sobre h\u00e1bitos posturales, ergonom\u00eda y cuidados en el hogar, para asegurarnos de que los resultados se mantengan a largo plazo.<\/li>\n<\/ol>\n\n\n\n<p class=\"has-medium-font-size\">Y ahora, un mensaje poderoso: Tu recuperaci\u00f3n no es solo un proceso f\u00edsico, es una inversi\u00f3n en tu bienestar total. Imagina volver a abrazar las actividades que amas, compartiendo momentos especiales con tu familia, rindiendo al m\u00e1ximo en tu trabajo y recuperando tu independencia. Cada paso que das en esta jornada de recuperaci\u00f3n se traduce en un futuro m\u00e1s brillante y saludable.<\/p>\n\n\n\n<p class=\"has-medium-font-size\">Recuerda, est\u00e1s rodeado de un equipo comprometido a impulsarte hacia adelante en tu camino hacia una vida sin dolor y con una musculatura fortalecida. Tu bienestar es la clave para una vida social m\u00e1s activa, un desempe\u00f1o laboral destacado y, sobre todo, una conexi\u00f3n m\u00e1s fuerte con tus seres queridos. \u00a1Juntos, podemos lograrlo! Empieza tu camino hacia una recuperaci\u00f3n completa hoy mismo.<\/p>\n\n\n\n<p><\/p>\n","protected":false},"excerpt":{"rendered":"<p>\u00a1Bienvenidos a nuestro oasis de bienestar y recuperaci\u00f3n! En nuestro centro de fisioterapia, te brindamos una experiencia \u00fanica para aliviar el dolor, fortalecer tu musculatura y mejorar tu propiocepci\u00f3n, todo con el objetivo de llevarte de regreso a una vida activa y plena. Nuestros servicios est\u00e1n dise\u00f1ados con cari\u00f1o y atenci\u00f3n a tus necesidades individuales. <a class=\"read-more\" href=\"https:\/\/www.fisiartuio.com\/index.php\/nuestros-servicios\/\">READ MORE<\/a><\/p>\n","protected":false},"author":1,"featured_media":0,"parent":0,"menu_order":0,"comment_status":"closed","ping_status":"closed","template":"","meta":{"footnotes":""},"class_list":["post-21","page","type-page","status-publish","hentry"],"_links":{"self":[{"href":"https:\/\/www.fisiartuio.com\/index.php\/wp-json\/wp\/v2\/pages\/21","targetHints":{"allow":["GET"]}}],"collection":[{"href":"https:\/\/www.fisiartuio.com\/index.php\/wp-json\/wp\/v2\/pages"}],"about":[{"href":"https:\/\/www.fisiartuio.com\/index.php\/wp-json\/wp\/v2\/types\/page"}],"author":[{"embeddable":true,"href":"https:\/\/www.fisiartuio.com\/index.php\/wp-json\/wp\/v2\/users\/1"}],"replies":[{"embeddable":true,"href":"https:\/\/www.fisiartuio.com\/index.php\/wp-json\/wp\/v2\/comments?post=21"}],"version-history":[{"count":5,"href":"https:\/\/www.fisiartuio.com\/index.php\/wp-json\/wp\/v2\/pages\/21\/revisions"}],"predecessor-version":[{"id":106,"href":"https:\/\/www.fisiartuio.com\/index.php\/wp-json\/wp\/v2\/pages\/21\/revisions\/106"}],"wp:attachment":[{"href":"https:\/\/www.fisiartuio.com\/index.php\/wp-json\/wp\/v2\/media?parent=21"}],"curies":[{"name":"wp","href":"https:\/\/api.w.org\/{rel}","templated":true}]}}